{"id":992,"date":"2023-02-16T22:03:05","date_gmt":"2023-02-16T20:03:05","guid":{"rendered":"https:\/\/seavillasapartments.com\/natuerliche-landschaften\/"},"modified":"2023-10-03T18:09:42","modified_gmt":"2023-10-03T15:09:42","slug":"natuerliche-landschaften","status":"publish","type":"page","link":"https:\/\/seavillasapartments.com\/de\/natuerliche-landschaften\/","title":{"rendered":"NAT\u00dcRLICHE LANDSCHAFTEN"},"content":{"rendered":"\t\t<div data-elementor-type=\"wp-page\" data-elementor-id=\"992\" class=\"elementor elementor-992 elementor-484\">\n\t\t\t\t\t\t\t\t\t<section class=\"elementor-section elementor-top-section elementor-element elementor-element-8bbdbe4 elementor-section-stretched animated-slow elementor-section-boxed elementor-section-height-default elementor-section-height-default elementor-invisible\" data-id=\"8bbdbe4\" data-element_type=\"section\" data-settings=\"{&quot;stretch_section&quot;:&quot;section-stretched&quot;,&quot;background_background&quot;:&quot;classic&quot;,&quot;animation&quot;:&quot;fadeIn&quot;}\">\n\t\t\t\t\t\t\t<div class=\"elementor-background-overlay\"><\/div>\n\t\t\t\t\t\t\t<div class=\"elementor-container elementor-column-gap-default\">\n\t\t\t\t\t<div class=\"elementor-column elementor-col-100 elementor-top-column elementor-element elementor-element-7f282d6\" data-id=\"7f282d6\" data-element_type=\"column\">\n\t\t\t<div class=\"elementor-widget-wrap elementor-element-populated\">\n\t\t\t\t\t\t\t\t<div class=\"elementor-element elementor-element-34e707a elementor-widget elementor-widget-heading\" data-id=\"34e707a\" data-element_type=\"widget\" data-widget_type=\"heading.default\">\n\t\t\t\t<div class=\"elementor-widget-container\">\n\t\t\t<style>\/*! elementor - v3.10.2 - 29-01-2023 *\/\n.elementor-heading-title{padding:0;margin:0;line-height:1}.elementor-widget-heading .elementor-heading-title[class*=elementor-size-]>a{color:inherit;font-size:inherit;line-height:inherit}.elementor-widget-heading .elementor-heading-title.elementor-size-small{font-size:15px}.elementor-widget-heading .elementor-heading-title.elementor-size-medium{font-size:19px}.elementor-widget-heading .elementor-heading-title.elementor-size-large{font-size:29px}.elementor-widget-heading .elementor-heading-title.elementor-size-xl{font-size:39px}.elementor-widget-heading .elementor-heading-title.elementor-size-xxl{font-size:59px}<\/style><h1 class=\"elementor-heading-title elementor-size-default\">NAT\u00dcRLICHE LANDSCHAFTEN<\/h1>\t\t<\/div>\n\t\t\t\t<\/div>\n\t\t\t\t\t<\/div>\n\t\t<\/div>\n\t\t\t\t\t\t\t<\/div>\n\t\t<\/section>\n\t\t\t\t<section class=\"elementor-section elementor-top-section elementor-element elementor-element-89fd3a4 elementor-section-stretched elementor-reverse-tablet elementor-reverse-mobile elementor-section-height-min-height elementor-section-boxed elementor-section-height-default elementor-section-items-middle\" data-id=\"89fd3a4\" data-element_type=\"section\" data-settings=\"{&quot;stretch_section&quot;:&quot;section-stretched&quot;,&quot;background_background&quot;:&quot;classic&quot;}\">\n\t\t\t\t\t\t<div class=\"elementor-container elementor-column-gap-default\">\n\t\t\t\t\t<div class=\"elementor-column elementor-col-33 elementor-top-column elementor-element elementor-element-0c4bdd4 animated-slow elementor-invisible\" data-id=\"0c4bdd4\" data-element_type=\"column\" data-settings=\"{&quot;background_background&quot;:&quot;classic&quot;,&quot;animation&quot;:&quot;fadeIn&quot;}\">\n\t\t\t<div class=\"elementor-widget-wrap elementor-element-populated\">\n\t\t\t\t\t\t\t\t<div class=\"elementor-element elementor-element-9234687 elementor-widget elementor-widget-heading\" data-id=\"9234687\" data-element_type=\"widget\" data-widget_type=\"heading.default\">\n\t\t\t\t<div class=\"elementor-widget-container\">\n\t\t\t<h3 class=\"elementor-heading-title elementor-size-default\">Neda-Wasserf\u00e4lle <\/h3>\t\t<\/div>\n\t\t\t\t<\/div>\n\t\t\t\t<div class=\"elementor-element elementor-element-00fa5d7 elementor-widget elementor-widget-text-editor\" data-id=\"00fa5d7\" data-element_type=\"widget\" data-widget_type=\"text-editor.default\">\n\t\t\t\t<div class=\"elementor-widget-container\">\n\t\t\t<style>\/*! elementor - v3.10.2 - 29-01-2023 *\/\n.elementor-widget-text-editor.elementor-drop-cap-view-stacked .elementor-drop-cap{background-color:#818a91;color:#fff}.elementor-widget-text-editor.elementor-drop-cap-view-framed .elementor-drop-cap{color:#818a91;border:3px solid;background-color:transparent}.elementor-widget-text-editor:not(.elementor-drop-cap-view-default) .elementor-drop-cap{margin-top:8px}.elementor-widget-text-editor:not(.elementor-drop-cap-view-default) .elementor-drop-cap-letter{width:1em;height:1em}.elementor-widget-text-editor .elementor-drop-cap{float:left;text-align:center;line-height:1;font-size:50px}.elementor-widget-text-editor .elementor-drop-cap-letter{display:inline-block}<\/style>\t\t\t\t<p>66 Kilometer s\u00fcd\u00f6stlich der <strong><b>Sea Villas Apartments<\/b><\/strong> liegen die wundersch\u00f6nen und ber\u00fchmten Wasserf\u00e4lle von Neda.<\/p>\n<p>Wir empfehlen Ihnen, einen Tagesausflug an diesen fantastischen Ort zu unternehmen, denn das Erlebnis des Badens im Wasser des Flusses Neda und der in ihn st\u00fcrzenden Wasserf\u00e4lle wird Sie umso mehr entsch\u00e4digen.<\/p>\n<p>Es ist eine Naturlandschaft von einzigartiger Sch\u00f6nheit, die Ihnen f\u00fcr immer in Erinnerung bleiben wird und die f\u00fcr Jung und Alt geeignet ist, da der Zugang zu den Wasserf\u00e4llen \u00fcber eine m\u00fchelose Wanderroute erfolgt.<\/p>\n\t\t\t\t\t\t<\/div>\n\t\t\t\t<\/div>\n\t\t\t\t\t<\/div>\n\t\t<\/div>\n\t\t\t\t<div class=\"elementor-column elementor-col-33 elementor-top-column elementor-element elementor-element-68ac686 elementor-hidden-tablet elementor-hidden-mobile\" data-id=\"68ac686\" data-element_type=\"column\">\n\t\t\t<div class=\"elementor-widget-wrap\">\n\t\t\t\t\t\t\t\t\t<\/div>\n\t\t<\/div>\n\t\t\t\t<div class=\"elementor-column elementor-col-33 elementor-top-column elementor-element elementor-element-e657b13 elementor-hidden-desktop\" data-id=\"e657b13\" data-element_type=\"column\" data-settings=\"{&quot;background_background&quot;:&quot;classic&quot;}\">\n\t\t\t<div class=\"elementor-widget-wrap elementor-element-populated\">\n\t\t\t\t\t\t\t\t<div class=\"elementor-element elementor-element-24f5eba elementor-hidden-desktop elementor-widget elementor-widget-image\" data-id=\"24f5eba\" data-element_type=\"widget\" data-widget_type=\"image.default\">\n\t\t\t\t<div class=\"elementor-widget-container\">\n\t\t\t<style>\/*! elementor - v3.10.2 - 29-01-2023 *\/\n.elementor-widget-image{text-align:center}.elementor-widget-image a{display:inline-block}.elementor-widget-image a img[src$=\".svg\"]{width:48px}.elementor-widget-image img{vertical-align:middle;display:inline-block}<\/style>\t\t\t\t\t\t\t\t\t\t\t\t<img decoding=\"async\" width=\"700\" height=\"489\" src=\"https:\/\/seavillasapartments.com\/wp-content\/uploads\/2023\/02\/247273274.jpg\" class=\"attachment-large size-large wp-image-908\" alt=\"\" srcset=\"https:\/\/seavillasapartments.com\/wp-content\/uploads\/2023\/02\/247273274.jpg 700w, https:\/\/seavillasapartments.com\/wp-content\/uploads\/2023\/02\/247273274-268x187.jpg 268w\" sizes=\"(max-width: 700px) 100vw, 700px\" \/>\t\t\t\t\t\t\t\t\t\t\t\t\t\t\t<\/div>\n\t\t\t\t<\/div>\n\t\t\t\t\t<\/div>\n\t\t<\/div>\n\t\t\t\t\t\t\t<\/div>\n\t\t<\/section>\n\t\t\t\t<section class=\"elementor-section elementor-top-section elementor-element elementor-element-9da8028 elementor-section-stretched elementor-section-height-min-height elementor-section-boxed elementor-section-height-default elementor-section-items-middle\" data-id=\"9da8028\" data-element_type=\"section\" data-settings=\"{&quot;stretch_section&quot;:&quot;section-stretched&quot;,&quot;background_background&quot;:&quot;classic&quot;}\">\n\t\t\t\t\t\t<div class=\"elementor-container elementor-column-gap-default\">\n\t\t\t\t\t<div class=\"elementor-column elementor-col-33 elementor-top-column elementor-element elementor-element-5d6d94f elementor-hidden-desktop\" data-id=\"5d6d94f\" data-element_type=\"column\" data-settings=\"{&quot;background_background&quot;:&quot;classic&quot;}\">\n\t\t\t<div class=\"elementor-widget-wrap elementor-element-populated\">\n\t\t\t\t\t\t\t\t<div class=\"elementor-element elementor-element-aa520ed elementor-hidden-desktop elementor-widget elementor-widget-image\" data-id=\"aa520ed\" data-element_type=\"widget\" data-widget_type=\"image.default\">\n\t\t\t\t<div class=\"elementor-widget-container\">\n\t\t\t\t\t\t\t\t\t\t\t\t\t\t\t<img decoding=\"async\" width=\"700\" height=\"489\" src=\"https:\/\/seavillasapartments.com\/wp-content\/uploads\/2023\/02\/3544584583.jpg\" class=\"attachment-large size-large wp-image-912\" alt=\"\" srcset=\"https:\/\/seavillasapartments.com\/wp-content\/uploads\/2023\/02\/3544584583.jpg 700w, https:\/\/seavillasapartments.com\/wp-content\/uploads\/2023\/02\/3544584583-268x187.jpg 268w\" sizes=\"(max-width: 700px) 100vw, 700px\" \/>\t\t\t\t\t\t\t\t\t\t\t\t\t\t\t<\/div>\n\t\t\t\t<\/div>\n\t\t\t\t\t<\/div>\n\t\t<\/div>\n\t\t\t\t<div class=\"elementor-column elementor-col-33 elementor-top-column elementor-element elementor-element-eaa1de3\" data-id=\"eaa1de3\" data-element_type=\"column\">\n\t\t\t<div class=\"elementor-widget-wrap\">\n\t\t\t\t\t\t\t\t\t<\/div>\n\t\t<\/div>\n\t\t\t\t<div class=\"elementor-column elementor-col-33 elementor-top-column elementor-element elementor-element-e007a74 animated-slow elementor-invisible\" data-id=\"e007a74\" data-element_type=\"column\" data-settings=\"{&quot;background_background&quot;:&quot;classic&quot;,&quot;animation&quot;:&quot;fadeIn&quot;}\">\n\t\t\t<div class=\"elementor-widget-wrap elementor-element-populated\">\n\t\t\t\t\t\t\t\t<div class=\"elementor-element elementor-element-69aea4c elementor-widget elementor-widget-heading\" data-id=\"69aea4c\" data-element_type=\"widget\" data-widget_type=\"heading.default\">\n\t\t\t\t<div class=\"elementor-widget-container\">\n\t\t\t<h3 class=\"elementor-heading-title elementor-size-default\">Foloi-Wald<\/h3>\t\t<\/div>\n\t\t\t\t<\/div>\n\t\t\t\t<div class=\"elementor-element elementor-element-dada4ea elementor-widget elementor-widget-text-editor\" data-id=\"dada4ea\" data-element_type=\"widget\" data-widget_type=\"text-editor.default\">\n\t\t\t\t<div class=\"elementor-widget-container\">\n\t\t\t\t\t\t\t<p>Der Trockenwald von Foloi ist ein Schutzgebiet des Natura-2000-Netzwerks. Er liegt auf einer H\u00f6he von 688 m auf dem Berg Foloi in Ilia und nimmt eine Fl\u00e4che von 33.000 Hektar ein, w\u00e4hrend er 50 Kilometer von unseren <strong><b>Mietobjekten<\/b><\/strong> entfernt ist.<\/p>\n<p>Der Verlauf der Fl\u00fcsse Erymanthos und Iliako Ladon durch die Landschaft, schafft eine faszinierende und idyllische Atmosph\u00e4re. Es ist der einzige einheimische Laubeichenwald auf dem Balkan mit alten Eichenbest\u00e4nden.<\/p>\n\t\t\t\t\t\t<\/div>\n\t\t\t\t<\/div>\n\t\t\t\t\t<\/div>\n\t\t<\/div>\n\t\t\t\t\t\t\t<\/div>\n\t\t<\/section>\n\t\t\t\t<section class=\"elementor-section elementor-top-section elementor-element elementor-element-23eb80f elementor-section-full_width elementor-section-height-default elementor-section-height-default\" data-id=\"23eb80f\" data-element_type=\"section\" data-settings=\"{&quot;background_background&quot;:&quot;classic&quot;}\">\n\t\t\t\t\t\t\t<div class=\"elementor-background-overlay\"><\/div>\n\t\t\t\t\t\t\t<div class=\"elementor-container elementor-column-gap-default\">\n\t\t\t\t\t<div class=\"elementor-column elementor-col-33 elementor-top-column elementor-element elementor-element-216a03c elementor-hidden-mobile\" data-id=\"216a03c\" data-element_type=\"column\" data-settings=\"{&quot;background_background&quot;:&quot;classic&quot;}\">\n\t\t\t<div class=\"elementor-widget-wrap elementor-element-populated\">\n\t\t\t\t\t\t\t\t<div class=\"elementor-element elementor-element-2d8c688 elementor-widget elementor-widget-spacer\" data-id=\"2d8c688\" data-element_type=\"widget\" data-widget_type=\"spacer.default\">\n\t\t\t\t<div class=\"elementor-widget-container\">\n\t\t\t<style>\/*! elementor - v3.10.2 - 29-01-2023 *\/\n.elementor-column .elementor-spacer-inner{height:var(--spacer-size)}.e-con{--container-widget-width:100%}.e-con-inner>.elementor-widget-spacer,.e-con>.elementor-widget-spacer{width:var(--container-widget-width,var(--spacer-size));--align-self:var(--container-widget-align-self,initial);--flex-shrink:0}.e-con-inner>.elementor-widget-spacer>.elementor-widget-container,.e-con-inner>.elementor-widget-spacer>.elementor-widget-container>.elementor-spacer,.e-con>.elementor-widget-spacer>.elementor-widget-container,.e-con>.elementor-widget-spacer>.elementor-widget-container>.elementor-spacer{height:100%}.e-con-inner>.elementor-widget-spacer>.elementor-widget-container>.elementor-spacer>.elementor-spacer-inner,.e-con>.elementor-widget-spacer>.elementor-widget-container>.elementor-spacer>.elementor-spacer-inner{height:var(--container-widget-height,var(--spacer-size))}<\/style>\t\t<div class=\"elementor-spacer\">\n\t\t\t<div class=\"elementor-spacer-inner\"><\/div>\n\t\t<\/div>\n\t\t\t\t<\/div>\n\t\t\t\t<\/div>\n\t\t\t\t\t<\/div>\n\t\t<\/div>\n\t\t\t\t<div class=\"elementor-column elementor-col-33 elementor-top-column elementor-element elementor-element-8a0a9c0\" data-id=\"8a0a9c0\" data-element_type=\"column\" data-settings=\"{&quot;background_background&quot;:&quot;classic&quot;}\">\n\t\t\t<div class=\"elementor-widget-wrap elementor-element-populated\">\n\t\t\t\t\t\t\t\t<div class=\"elementor-element elementor-element-6eb27c6 elementor-widget elementor-widget-heading\" data-id=\"6eb27c6\" data-element_type=\"widget\" data-widget_type=\"heading.default\">\n\t\t\t\t<div class=\"elementor-widget-container\">\n\t\t\t<h3 class=\"elementor-heading-title elementor-size-default\">Reservierungen<\/h3>\t\t<\/div>\n\t\t\t\t<\/div>\n\t\t\t\t<div class=\"elementor-element elementor-element-c671862 elementor-widget elementor-widget-heading\" data-id=\"c671862\" data-element_type=\"widget\" data-widget_type=\"heading.default\">\n\t\t\t\t<div class=\"elementor-widget-container\">\n\t\t\t<h3 class=\"elementor-heading-title elementor-size-default\">Genie\u00dfen Sie einen einzigartigen und unbeschwerten <b>Urlaub am Meer<\/b>, indem Sie noch heute reservieren!<\/h3>\t\t<\/div>\n\t\t\t\t<\/div>\n\t\t\t\t<div class=\"elementor-element elementor-element-b556b4c elementor-widget elementor-widget-button\" data-id=\"b556b4c\" data-element_type=\"widget\" data-widget_type=\"button.default\">\n\t\t\t\t<div class=\"elementor-widget-container\">\n\t\t\t\t\t<div class=\"elementor-button-wrapper\">\n\t\t\t<a href=\"https:\/\/seavillasapartments.com\/de\/kontakt-2\/\" class=\"elementor-button-link elementor-button elementor-size-sm\" role=\"button\">\n\t\t\t\t\t\t<span class=\"elementor-button-content-wrapper\">\n\t\t\t\t\t\t<span class=\"elementor-button-text\">Kontaktieren Sie uns<\/span>\n\t\t<\/span>\n\t\t\t\t\t<\/a>\n\t\t<\/div>\n\t\t\t\t<\/div>\n\t\t\t\t<\/div>\n\t\t\t\t\t<\/div>\n\t\t<\/div>\n\t\t\t\t<div class=\"elementor-column elementor-col-33 elementor-top-column elementor-element elementor-element-d11ce58 elementor-hidden-mobile\" data-id=\"d11ce58\" data-element_type=\"column\" data-settings=\"{&quot;background_background&quot;:&quot;classic&quot;}\">\n\t\t\t<div class=\"elementor-widget-wrap\">\n\t\t\t\t\t\t\t\t\t<\/div>\n\t\t<\/div>\n\t\t\t\t\t\t\t<\/div>\n\t\t<\/section>\n\t\t\t\t\t\t\t<\/div>\n\t\t","protected":false},"excerpt":{"rendered":"<p>NAT\u00dcRLICHE LANDSCHAFTEN Neda-Wasserf\u00e4lle 66 Kilometer s\u00fcd\u00f6stlich der Sea Villas Apartments liegen die wundersch\u00f6nen und ber\u00fchmten Wasserf\u00e4lle von Neda. Wir empfehlen Ihnen, einen Tagesausflug an diesen fantastischen Ort zu unternehmen, denn das Erlebnis des Badens im Wasser des Flusses Neda und der in ihn st\u00fcrzenden Wasserf\u00e4lle wird Sie umso mehr entsch\u00e4digen. Es ist eine Naturlandschaft von<\/p>\n","protected":false},"author":4,"featured_media":0,"parent":0,"menu_order":0,"comment_status":"closed","ping_status":"closed","template":"elementor_header_footer","meta":{"_bbp_topic_count":0,"_bbp_reply_count":0,"_bbp_total_topic_count":0,"_bbp_total_reply_count":0,"_bbp_voice_count":0,"_bbp_anonymous_reply_count":0,"_bbp_topic_count_hidden":0,"_bbp_reply_count_hidden":0,"_bbp_forum_subforum_count":0,"footnotes":""},"yoast_head":"<!-- This site is optimized with the Yoast SEO plugin v20.1 - https:\/\/yoast.com\/wordpress\/plugins\/seo\/ -->\n<title>NAT\u00dcRLICHE LANDSCHAFTEN | Sea Villas Apartments<\/title>\n<meta name=\"robots\" content=\"index, follow, max-snippet:-1, max-image-preview:large, max-video-preview:-1\" \/>\n<link rel=\"canonical\" href=\"https:\/\/seavillasapartments.com\/de\/natuerliche-landschaften\/\" \/>\n<meta property=\"og:locale\" content=\"de_DE\" \/>\n<meta property=\"og:type\" content=\"article\" \/>\n<meta property=\"og:title\" content=\"NAT\u00dcRLICHE LANDSCHAFTEN | Sea Villas Apartments\" \/>\n<meta property=\"og:description\" content=\"NAT\u00dcRLICHE LANDSCHAFTEN Neda-Wasserf\u00e4lle 66 Kilometer s\u00fcd\u00f6stlich der Sea Villas Apartments liegen die wundersch\u00f6nen und ber\u00fchmten Wasserf\u00e4lle von Neda. Wir empfehlen Ihnen, einen Tagesausflug an diesen fantastischen Ort zu unternehmen, denn das Erlebnis des Badens im Wasser des Flusses Neda und der in ihn st\u00fcrzenden Wasserf\u00e4lle wird Sie umso mehr entsch\u00e4digen. Es ist eine Naturlandschaft von\" \/>\n<meta property=\"og:url\" content=\"https:\/\/seavillasapartments.com\/de\/natuerliche-landschaften\/\" \/>\n<meta property=\"og:site_name\" content=\"Sea Villas Apartments\" \/>\n<meta property=\"article:modified_time\" content=\"2023-10-03T15:09:42+00:00\" \/>\n<meta property=\"og:image\" content=\"https:\/\/seavillasapartments.com\/wp-content\/uploads\/2023\/02\/247273274.jpg\" \/>\n<meta name=\"twitter:card\" content=\"summary_large_image\" \/>\n<meta name=\"twitter:label1\" content=\"Gesch\u00e4tzte Lesezeit\" \/>\n\t<meta name=\"twitter:data1\" content=\"1 Minute\" \/>\n<script type=\"application\/ld+json\" class=\"yoast-schema-graph\">{\"@context\":\"https:\/\/schema.org\",\"@graph\":[{\"@type\":\"WebPage\",\"@id\":\"https:\/\/seavillasapartments.com\/de\/natuerliche-landschaften\/\",\"url\":\"https:\/\/seavillasapartments.com\/de\/natuerliche-landschaften\/\",\"name\":\"NAT\u00dcRLICHE LANDSCHAFTEN | Sea Villas Apartments\",\"isPartOf\":{\"@id\":\"https:\/\/seavillasapartments.com\/#website\"},\"datePublished\":\"2023-02-16T20:03:05+00:00\",\"dateModified\":\"2023-10-03T15:09:42+00:00\",\"breadcrumb\":{\"@id\":\"https:\/\/seavillasapartments.com\/de\/natuerliche-landschaften\/#breadcrumb\"},\"inLanguage\":\"de-DE\",\"potentialAction\":[{\"@type\":\"ReadAction\",\"target\":[\"https:\/\/seavillasapartments.com\/de\/natuerliche-landschaften\/\"]}]},{\"@type\":\"BreadcrumbList\",\"@id\":\"https:\/\/seavillasapartments.com\/de\/natuerliche-landschaften\/#breadcrumb\",\"itemListElement\":[{\"@type\":\"ListItem\",\"position\":1,\"name\":\"\u0391\u03c1\u03c7\u03b9\u03ba\u03ae\",\"item\":\"https:\/\/seavillasapartments.com\/de\/startseite\/\"},{\"@type\":\"ListItem\",\"position\":2,\"name\":\"NAT\u00dcRLICHE LANDSCHAFTEN\"}]},{\"@type\":\"WebSite\",\"@id\":\"https:\/\/seavillasapartments.com\/#website\",\"url\":\"https:\/\/seavillasapartments.com\/\",\"name\":\"Sea Villas Apartments\",\"description\":\"\",\"potentialAction\":[{\"@type\":\"SearchAction\",\"target\":{\"@type\":\"EntryPoint\",\"urlTemplate\":\"https:\/\/seavillasapartments.com\/?s={search_term_string}\"},\"query-input\":\"required name=search_term_string\"}],\"inLanguage\":\"de-DE\"}]}<\/script>\n<!-- \/ Yoast SEO plugin. -->","yoast_head_json":{"title":"NAT\u00dcRLICHE LANDSCHAFTEN | Sea Villas Apartments","robots":{"index":"index","follow":"follow","max-snippet":"max-snippet:-1","max-image-preview":"max-image-preview:large","max-video-preview":"max-video-preview:-1"},"canonical":"https:\/\/seavillasapartments.com\/de\/natuerliche-landschaften\/","og_locale":"de_DE","og_type":"article","og_title":"NAT\u00dcRLICHE LANDSCHAFTEN | Sea Villas Apartments","og_description":"NAT\u00dcRLICHE LANDSCHAFTEN Neda-Wasserf\u00e4lle 66 Kilometer s\u00fcd\u00f6stlich der Sea Villas Apartments liegen die wundersch\u00f6nen und ber\u00fchmten Wasserf\u00e4lle von Neda. Wir empfehlen Ihnen, einen Tagesausflug an diesen fantastischen Ort zu unternehmen, denn das Erlebnis des Badens im Wasser des Flusses Neda und der in ihn st\u00fcrzenden Wasserf\u00e4lle wird Sie umso mehr entsch\u00e4digen. Es ist eine Naturlandschaft von","og_url":"https:\/\/seavillasapartments.com\/de\/natuerliche-landschaften\/","og_site_name":"Sea Villas Apartments","article_modified_time":"2023-10-03T15:09:42+00:00","og_image":[{"url":"https:\/\/seavillasapartments.com\/wp-content\/uploads\/2023\/02\/247273274.jpg"}],"twitter_card":"summary_large_image","twitter_misc":{"Gesch\u00e4tzte Lesezeit":"1 Minute"},"schema":{"@context":"https:\/\/schema.org","@graph":[{"@type":"WebPage","@id":"https:\/\/seavillasapartments.com\/de\/natuerliche-landschaften\/","url":"https:\/\/seavillasapartments.com\/de\/natuerliche-landschaften\/","name":"NAT\u00dcRLICHE LANDSCHAFTEN | Sea Villas Apartments","isPartOf":{"@id":"https:\/\/seavillasapartments.com\/#website"},"datePublished":"2023-02-16T20:03:05+00:00","dateModified":"2023-10-03T15:09:42+00:00","breadcrumb":{"@id":"https:\/\/seavillasapartments.com\/de\/natuerliche-landschaften\/#breadcrumb"},"inLanguage":"de-DE","potentialAction":[{"@type":"ReadAction","target":["https:\/\/seavillasapartments.com\/de\/natuerliche-landschaften\/"]}]},{"@type":"BreadcrumbList","@id":"https:\/\/seavillasapartments.com\/de\/natuerliche-landschaften\/#breadcrumb","itemListElement":[{"@type":"ListItem","position":1,"name":"\u0391\u03c1\u03c7\u03b9\u03ba\u03ae","item":"https:\/\/seavillasapartments.com\/de\/startseite\/"},{"@type":"ListItem","position":2,"name":"NAT\u00dcRLICHE LANDSCHAFTEN"}]},{"@type":"WebSite","@id":"https:\/\/seavillasapartments.com\/#website","url":"https:\/\/seavillasapartments.com\/","name":"Sea Villas Apartments","description":"","potentialAction":[{"@type":"SearchAction","target":{"@type":"EntryPoint","urlTemplate":"https:\/\/seavillasapartments.com\/?s={search_term_string}"},"query-input":"required name=search_term_string"}],"inLanguage":"de-DE"}]}},"_links":{"self":[{"href":"https:\/\/seavillasapartments.com\/de\/wp-json\/wp\/v2\/pages\/992"}],"collection":[{"href":"https:\/\/seavillasapartments.com\/de\/wp-json\/wp\/v2\/pages"}],"about":[{"href":"https:\/\/seavillasapartments.com\/de\/wp-json\/wp\/v2\/types\/page"}],"author":[{"embeddable":true,"href":"https:\/\/seavillasapartments.com\/de\/wp-json\/wp\/v2\/users\/4"}],"replies":[{"embeddable":true,"href":"https:\/\/seavillasapartments.com\/de\/wp-json\/wp\/v2\/comments?post=992"}],"version-history":[{"count":0,"href":"https:\/\/seavillasapartments.com\/de\/wp-json\/wp\/v2\/pages\/992\/revisions"}],"wp:attachment":[{"href":"https:\/\/seavillasapartments.com\/de\/wp-json\/wp\/v2\/media?parent=992"}],"curies":[{"name":"wp","href":"https:\/\/api.w.org\/{rel}","templated":true}]}}